{"id":17238,"date":"2024-11-01T17:56:48","date_gmt":"2024-11-01T14:56:48","guid":{"rendered":"https:\/\/leyako.lt\/produktas\/round-lab-%d1%81%d0%be%d0%b5%d0%b2%d1%8b%d0%b9-%d0%bf%d0%b8%d1%82%d0%b0%d1%82%d0%b5%d0%bb%d1%8c%d0%bd%d1%8b%d0%b9-%d0%ba%d1%80%d0%b5%d0%bc-80-%d0%bc%d0%bb\/"},"modified":"2026-03-03T14:58:57","modified_gmt":"2026-03-03T12:58:57","slug":"round-lab-%d1%81%d0%be%d0%b5%d0%b2%d1%8b%d0%b9-%d0%bf%d0%b8%d1%82%d0%b0%d1%82%d0%b5%d0%bb%d1%8c%d0%bd%d1%8b%d0%b9-%d0%ba%d1%80%d0%b5%d0%bc-80-%d0%bc%d0%bb","status":"publish","type":"product","link":"https:\/\/leyako.lt\/ru\/product\/round-lab-%d1%81%d0%be%d0%b5%d0%b2%d1%8b%d0%b9-%d0%bf%d0%b8%d1%82%d0%b0%d1%82%d0%b5%d0%bb%d1%8c%d0%bd%d1%8b%d0%b9-%d0%ba%d1%80%d0%b5%d0%bc-80-%d0%bc%d0%bb\/","title":{"rendered":"Round Lab Soybean Nourishing Cream 80ml"},"content":{"rendered":"<ul>\n<li>\u0417\u0430\u043c\u0435\u0434\u043b\u044f\u0435\u0442 \u043f\u0440\u043e\u0446\u0435\u0441\u0441 \u0441\u0442\u0430\u0440\u0435\u043d\u0438\u044f (\u0432\u043a\u043b\u044e\u0447\u0430\u044f \u043e\u0431\u0440\u0430\u0437\u043e\u0432\u0430\u043d\u0438\u0435 \u043c\u043e\u0440\u0449\u0438\u043d)<\/li>\n<li>\u041d\u043e\u0440\u043c\u0430\u043b\u0438\u0437\u0443\u0435\u0442 \u0441\u043e\u0441\u0442\u043e\u044f\u043d\u0438\u0435 \u043a\u043e\u0436\u0438 \u043f\u0440\u0438 \u044d\u043a\u0437\u0435\u043c\u0435, \u043f\u0441\u043e\u0440\u0438\u0430\u0437\u0435 \u0438 \u0434\u0435\u0440\u043c\u0430\u0442\u0438\u0442\u0435<\/li>\n<li>\u041f\u043e\u043c\u043e\u0433\u0430\u0435\u0442 \u043a\u043e\u0436\u0435 \u0431\u044b\u0441\u0442\u0440\u0435\u0435 \u0432\u043e\u0441\u0441\u0442\u0430\u043d\u0430\u0432\u043b\u0438\u0432\u0430\u0442\u044c\u0441\u044f (\u043e\u0441\u043e\u0431\u0435\u043d\u043d\u043e \u043f\u043e\u0441\u043b\u0435 \u043f\u0438\u043b\u0438\u043d\u0433\u043e\u0432 \u0438 \u0440\u0435\u0442\u0438\u043d\u043e\u043b\u0430)<\/li>\n<li>\u041f\u0440\u0435\u0434\u043e\u0442\u0432\u0440\u0430\u0449\u0430\u0435\u0442 \u0432\u043e\u0441\u043f\u0430\u043b\u0435\u043d\u0438\u0435 \u0438 \u043d\u0435\u043f\u0440\u0438\u044f\u0442\u043d\u044b\u0435 \u043e\u0449\u0443\u0449\u0435\u043d\u0438\u044f<\/li>\n<\/ul>\n","protected":false},"excerpt":{"rendered":"<p>\u0423\u0432\u043b\u0430\u0436\u043d\u044f\u044e\u0449\u0438\u0439 \u0438 \u043f\u0438\u0442\u0430\u0442\u0435\u043b\u044c\u043d\u044b\u0439 \u043a\u0440\u0435\u043c \u0434\u043b\u044f \u043b\u0438\u0446\u0430, \u043e\u0431\u043e\u0433\u0430\u0449\u0435\u043d\u043d\u044b\u0439 \u044d\u043a\u0441\u0442\u0440\u0430\u043a\u0442\u043e\u043c \u0447\u0435\u0440\u043d\u044b\u0445 \u0441\u043e\u0435\u0432\u044b\u0445 \u0431\u043e\u0431\u043e\u0432 \u0441 \u0430\u043d\u0442\u0438\u0432\u043e\u0437\u0440\u0430\u0441\u0442\u043d\u044b\u043c\u0438 \u0441\u0432\u043e\u0439\u0441\u0442\u0432\u0430\u043c\u0438. \u041a\u0440\u0435\u043c \u0443\u043a\u0440\u0435\u043f\u043b\u044f\u0435\u0442 \u0437\u0430\u0449\u0438\u0442\u043d\u044b\u0439 \u0431\u0430\u0440\u044c\u0435\u0440 \u043a\u043e\u0436\u0438, \u0437\u0430\u0449\u0438\u0449\u0430\u0435\u0442 \u0438 \u0432\u043e\u0441\u043f\u043e\u043b\u043d\u044f\u0435\u0442 \u0437\u0430\u043f\u0430\u0441\u044b \u0432\u043b\u0430\u0433\u0438 \u0432 \u043a\u043e\u0436\u0435. \u041e\u0431\u043e\u0433\u0430\u0449\u0435\u043d \u043a\u0435\u0440\u0430\u043c\u0438\u0434\u0430\u043c\u0438, \u0447\u0442\u043e \u043e\u0447\u0435\u043d\u044c <strong>\u0432\u0430\u0436\u043d\u043e \u0432 \u0445\u043e\u043b\u043e\u0434\u043d\u043e\u0435 \u0432\u0440\u0435\u043c\u044f \u0433\u043e\u0434\u0430<\/strong>. \u0427\u0430\u0441\u0442\u043e \u0432\u044b\u0431\u0438\u0440\u0430\u0435\u0442\u0441\u044f \u043d\u0430 \u0433\u043e\u0440\u043d\u043e\u043b\u044b\u0436\u043d\u044b\u0445 \u043a\u0443\u0440\u043e\u0440\u0442\u0430\u0445 \u0434\u043b\u044f \u0437\u0430\u0449\u0438\u0442\u044b \u043a\u043e\u0436\u0438.<\/p>\n<pre id=\"tw-target-text\" class=\"tw-data-text tw-text-large tw-ta\" dir=\"ltr\" data-placeholder=\"Translation\" data-ved=\"2ahUKEwil57qEuLuJAxXtHBAIHQBbAMwQ3ewLegQICRAU\" aria-label=\"Translated text: Dr\u0117kinamasis ir maitinamasis veido kremas, praturtintas juod\u0173j\u0173 soj\u0173 pupeli\u0173 ekstraktu, turin\u010diu sen\u0117jim\u0105 stabdan\u010di\u0173 savybi\u0173. \u0160is kremas taip pat stiprina odos barjer\u0105, gerina odos elastingum\u0105 ir papildo odos dr\u0117gm\u0117s atsargas\"><\/pre>\n<p>&nbsp;<\/p>\n","protected":false},"featured_media":17242,"comment_status":"open","ping_status":"closed","template":"","meta":{"_acf_changed":false},"product_brand":[],"product_cat":[1913,1907,1962,2066,1903,1965,1909],"product_tag":[3425,3409,3442,3427,3421,3453,3434,3433,1929,1931,1920,1917,1922,1957,1940,3223,1958,2106,1954,1951,1934,1946,1915,2029,2443,2338,1944,2605,1941],"class_list":{"0":"post-17238","1":"product","2":"type-product","3":"status-publish","4":"has-post-thumbnail","6":"product_cat-round-lab","7":"product_cat-1907","8":"product_cat-1962","9":"product_cat-2066","10":"product_cat-1903","11":"product_cat-1965","12":"product_cat-1909","13":"product_tag-anti-wrinkle","14":"product_tag-geri-atsilepimai","15":"product_tag-geriausia-kosmetika-is-korejos","16":"product_tag-glotnina-rauksles","17":"product_tag-naktinis-jauninantis-kremas","18":"product_tag-tocopherol","19":"product_tag-vegan","20":"product_tag-veganiska","21":"product_tag-1929","22":"product_tag-1931","23":"product_tag-1920","24":"product_tag-1917","25":"product_tag-1922","26":"product_tag-1957","27":"product_tag-1940","28":"product_tag---2","29":"product_tag-1958","30":"product_tag---3","31":"product_tag-1954","32":"product_tag-1951","33":"product_tag-1934","34":"product_tag-1946","35":"product_tag-1915","36":"product_tag-2029","37":"product_tag--np","38":"product_tag-2338","39":"product_tag-1944","40":"product_tag-2605","41":"product_tag-1941","43":"first","44":"instock","45":"sale","46":"taxable","47":"shipping-taxable","48":"purchasable","49":"product-type-simple"},"acf":[],"_links":{"self":[{"href":"https:\/\/leyako.lt\/ru\/wp-json\/wp\/v2\/product\/17238","targetHints":{"allow":["GET"]}}],"collection":[{"href":"https:\/\/leyako.lt\/ru\/wp-json\/wp\/v2\/product"}],"about":[{"href":"https:\/\/leyako.lt\/ru\/wp-json\/wp\/v2\/types\/product"}],"replies":[{"embeddable":true,"href":"https:\/\/leyako.lt\/ru\/wp-json\/wp\/v2\/comments?post=17238"}],"wp:featuredmedia":[{"embeddable":true,"href":"https:\/\/leyako.lt\/ru\/wp-json\/wp\/v2\/media\/17242"}],"wp:attachment":[{"href":"https:\/\/leyako.lt\/ru\/wp-json\/wp\/v2\/media?parent=17238"}],"wp:term":[{"taxonomy":"product_brand","embeddable":true,"href":"https:\/\/leyako.lt\/ru\/wp-json\/wp\/v2\/product_brand?post=17238"},{"taxonomy":"product_cat","embeddable":true,"href":"https:\/\/leyako.lt\/ru\/wp-json\/wp\/v2\/product_cat?post=17238"},{"taxonomy":"product_tag","embeddable":true,"href":"https:\/\/leyako.lt\/ru\/wp-json\/wp\/v2\/product_tag?post=17238"}],"curies":[{"name":"wp","href":"https:\/\/api.w.org\/{rel}","templated":true}]}}